{"id":1251,"date":"2013-08-15T06:49:42","date_gmt":"2013-08-15T05:49:42","guid":{"rendered":"http:\/\/www.integralegeneeskunst.nl\/bijlesvoorartsen\/?page_id=6"},"modified":"2014-02-23T11:03:56","modified_gmt":"2014-02-23T10:03:56","slug":"welkom-2","status":"publish","type":"page","link":"https:\/\/www.paradijs.org\/integralegeneeskunst\/overzicht\/leerboeken\/bijles-voor-artsen\/welkom-2\/","title":{"rendered":"Welkom"},"content":{"rendered":"<p>Bijles voor Artsen biedt <span style=\"text-decoration: underline\">informatie die in de arts-opleiding ontbreekt<\/span>&#8230;<\/p>\n<p><strong>Integrale Geneeskunst<\/strong> is op het volgende gebaseerd:<\/p>\n<ul>\n<li><span style=\"color: #800000\">Klassieke- + Relativiteit- + Kwantum- + Veld-theorie wetenschap<\/span><\/li>\n<li><span style=\"color: #800000\">Westerse- + Oosterse- + Verre Oosten- + Verre Westen wereldculturen<\/span><\/li>\n<li><span style=\"color: #800000\">Spirituele- + Meridiaan- + Natuur- + Gereguleerde geneeswijzen<\/span><\/li>\n<li><span style=\"color: #800000\">Informatie + Regulatie + Proces + Structuur<\/span><\/li>\n<\/ul>\n<p>In mijn opleiding tot arts leerde ik wat artsen leren; ik weet wat zij weten.<br \/>\nIk weet ook wat ze <em>niet<\/em> weten: eerder al studeerde ik af als ingenieur.<br \/>\nIk weet dat artsen te weinig van de <span style=\"text-decoration: underline\">NIeuwe Natuurkunde<\/span> leren.<br \/>\nEn ik weet dat artsen te weinig van <span style=\"text-decoration: underline\">Traditionele Geneeswijzen<\/span> leren.<\/p>\n<p>Ons lichaam is g\u00e9\u00e9n &#8216;levend&#8217; lijk; g\u00e9\u00e9n materie-in-beweging.<br \/>\nOns lichaam is opgebouwd uit, en door, levende communicerende cellen.<br \/>\nOns lichaam is g\u00e9\u00e9n &#8216;object&#8217;, maar een &#8216;alchemisch&#8217; elektromagnetisch veld:<br \/>\n<span style=\"color: #800000\">fotonensprong &lt;=&lt; elektronensprong &lt;=&gt; elektrovalentie &lt;=&gt; elektronbinding<\/span>.<\/p>\n<p>Deze webzaait, &#8220;Bijles voor Artsen&#8221; vat meerdere basisprincipes samen.<br \/>\nwww.integralegeneeskunst.nl\/org beschrijft de achtergronden.<br \/>\nwww.scienceoflife.nl\/www.wetenschapvanleven.nl geeft uitwerking.<br \/>\n<strong>Leven is geaseerd op het gebruik van Vrije Keuze, in de verwevenheid van informatie en materie in ons lichaam<\/strong>.<\/p>\n<ul>\n<li>&#8216;Wist je dat&#8217; telepathie is gebaseerd op intercellulaire radiocommunicatie?<\/li>\n<li>&#8216;WIst je dat&#8217; acupunctuur en homeopathie respectievelijk elektromagnetische circulatie en -velden gebruiken?<\/li>\n<li>&#8216;Wist je dat&#8217; voeding de meeste ziekten (kanker inbegrepen) kan genezen?<\/li>\n<li>&#8216;WIst je dat&#8217; (&#8216;juiste&#8217;) behandeling <em>door artsen<\/em> \u00e9\u00e9n van de belangrijkste <em>doods<\/em>oorzaken is?<\/li>\n<\/ul>\n<p>Om te weten wat hier speelt is het nodig om te begrijpen wat, wie, de opleiding tot arts bepaalt.<br \/>\nHet is nodig om te doorzien dat &#8216;gezondheidsbeleid&#8217; is gebaseerd op <em>willen verdienen aan ziekte<\/em>.<br \/>\nDat houdt ziekte in stand; de gezondheidszorgindustrie voert actief beleid voor <em>preventie<\/em> van preventieve zorg.<br \/>\n<span style=\"text-decoration: underline\">Zolang ziekte de norm is in de geneeskunde zal het doel, gezondheid, niet worden bereikt<\/span>.<\/p>\n<p>In de Wetenschap van Leven is gezondheid expliciet te definieren.<br \/>\nGezondheid is gebaseerd op onze integere integratie in onze omgeving.<br \/>\nDat be(-)leven we in Body, MInd, Soul &amp; Spirit (elk van die termen is expliciet definieerbaar).<br \/>\nGezondheidszorg begint bij het opleiden van gezonde patienten in zelfzorg.<\/p>\n<p>&#8220;Bijles voor Artsen&#8221; vereist ook een hygiene IN de gezondheidszorg.<br \/>\nVeel zogenaamde &#8216;skeptici&#8217; zijn stromannen voor een geldbelang.<br \/>\nWetenschap is g\u00e9\u00e9n dogma, en <em>het begrip &#8216;onwetenschappelijk&#8217; bestaat niet<\/em>.<br \/>\n<strong>Wetenschap onderzoekt wat het niet kent, en toetst (altijd) wat het wel kent<\/strong>.<\/p>\n<p><em>Wetenschap<\/em> bestaat niet: het is het werk van wetenschappers.<br \/>\n<em>Geneeskunde<\/em> bestaat niet: het is het werk van artsen EN therapeuten.<br \/>\n<em>Gezondheidszorg<\/em> bestaat niet; wel zelfzorg voor gezond zijn.<br \/>\n<em>Gezondheidsbeleid<\/em> bestaat niet, totdat Gezonde Patienten het verzorgen.<\/p>\n<p>&#8220;Bijles&#8221; houdt in dat er meer is te weten dan je weet.<br \/>\nBijles vergt altijd tijd, maar vooral &#8230; een open geest.<br \/>\nAls dat wat je leven bepaalt, beperkt het dat ook, als dogma.<br \/>\nOm meer te weten moet je meer leren over wat je niet weet; wat je wel weet moet daarbij niet je weg blokkeren.<\/p>\n<p>Welkom bij Bijles voor artsen!<br \/>\nAlle teksten hier zijn <a title=\"Essays\" href=\"http:\/\/www.integralegeneeskunst.nl\/bijlesvoorartsen\/essays\/\">Essays<\/a>.<br \/>\nHet zijn gedachtenoefeningen-op-schrift.<br \/>\nOm zo samen op nieuwe gedachten te kunnen komen.<\/p>\n<p>Als wat we wisten werkte, zouden we alle ziekten kunnen voorkOmen.<br \/>\nZolang ziekten vOOrkomen, weten we dat wat we weten NIET werkt.<\/p>\n","protected":false},"excerpt":{"rendered":"<p>Bijles voor Artsen biedt informatie die in de arts-opleiding ontbreekt&#8230; Integrale Geneeskunst is op het volgende gebaseerd: Klassieke- + Relativiteit- + Kwantum- + Veld-theorie wetenschap Westerse- + Oosterse- + Verre Oosten- + Verre Westen wereldculturen Spirituele- + Meridiaan- + Natuur- + Gereguleerde geneeswijzen Informatie + Regulatie + Proces + Structuur In mijn opleiding tot arts [&hellip;]<\/p>\n","protected":false},"author":1,"featured_media":0,"parent":1248,"menu_order":1,"comment_status":"closed","ping_status":"closed","template":"","meta":{"footnotes":""},"categories":[],"tags":[],"class_list":["post-1251","page","type-page","status-publish","hentry"],"_links":{"self":[{"href":"https:\/\/www.paradijs.org\/integralegeneeskunst\/wp-json\/wp\/v2\/pages\/1251","targetHints":{"allow":["GET"]}}],"collection":[{"href":"https:\/\/www.paradijs.org\/integralegeneeskunst\/wp-json\/wp\/v2\/pages"}],"about":[{"href":"https:\/\/www.paradijs.org\/integralegeneeskunst\/wp-json\/wp\/v2\/types\/page"}],"author":[{"embeddable":true,"href":"https:\/\/www.paradijs.org\/integralegeneeskunst\/wp-json\/wp\/v2\/users\/1"}],"replies":[{"embeddable":true,"href":"https:\/\/www.paradijs.org\/integralegeneeskunst\/wp-json\/wp\/v2\/comments?post=1251"}],"version-history":[{"count":1,"href":"https:\/\/www.paradijs.org\/integralegeneeskunst\/wp-json\/wp\/v2\/pages\/1251\/revisions"}],"predecessor-version":[{"id":1270,"href":"https:\/\/www.paradijs.org\/integralegeneeskunst\/wp-json\/wp\/v2\/pages\/1251\/revisions\/1270"}],"up":[{"embeddable":true,"href":"https:\/\/www.paradijs.org\/integralegeneeskunst\/wp-json\/wp\/v2\/pages\/1248"}],"wp:attachment":[{"href":"https:\/\/www.paradijs.org\/integralegeneeskunst\/wp-json\/wp\/v2\/media?parent=1251"}],"wp:term":[{"taxonomy":"category","embeddable":true,"href":"https:\/\/www.paradijs.org\/integralegeneeskunst\/wp-json\/wp\/v2\/categories?post=1251"},{"taxonomy":"post_tag","embeddable":true,"href":"https:\/\/www.paradijs.org\/integralegeneeskunst\/wp-json\/wp\/v2\/tags?post=1251"}],"curies":[{"name":"wp","href":"https:\/\/api.w.org\/{rel}","templated":true}]}}