{"id":1265,"date":"2013-08-16T12:15:42","date_gmt":"2013-08-16T11:15:42","guid":{"rendered":"http:\/\/www.integralegeneeskunst.nl\/bijlesvoorartsen\/?page_id=57"},"modified":"2014-02-23T11:03:56","modified_gmt":"2014-02-23T10:03:56","slug":"bijles-voor-artsen-chackras","status":"publish","type":"page","link":"https:\/\/www.paradijs.org\/integralegeneeskunst\/overzicht\/leerboeken\/bijles-voor-artsen\/bijles-voor-artsen-chackras\/","title":{"rendered":"Bijles voor artsen &#8211; chackras"},"content":{"rendered":"<p>Artsen weten te weinig van de fundamentele natuurkunde.<br \/>\nDaardoor zijn basale zaken niet goed te begrijpen.<br \/>\nZoals het universele principe van de Draaikolk.<br \/>\nWat als de &#8220;Rotatie&#8221; (Spin) voor atomen wordt beschreven.<\/p>\n<p>Een chakra is een draaikolk: een vortex ofwel wervel.<br \/>\nEen wervel is een beweging in 4 Dimensies.<br \/>\nOns lichaam is op dat principe gebaseerd.<br \/>\nHet is het basisbeginsel van celdeling en gezondheid.<\/p>\n<p>Ons lichaam als geheel s \u0117\u0117n chackra.<br \/>\nElke celdeling is verbonden met die ervoor; terug tot de zygote.<br \/>\nElke celdeling is in 4D, en heeft 4 fasen.<br \/>\nElke celdeling speelt zich af in een omgeving; dat verdubbelt dit tot 8 fasen.<\/p>\n<p>Dit staat bekent als het chackrasysteem; met 8 fasen.<br \/>\nElke chackra is een aspect van die 4D omwenteling, in haar omgeving.<br \/>\nHet lichaam als geheel is, blijft echter \u0117\u0117n systeem; \u0117\u0117n chakra.<br \/>\nDe kwaliteiten daarvan zijn te beschrijven in termen van celdeling, als de relatie tussen cellen.<\/p>\n<p>E\u0117nheid is en blijft de essentie.<br \/>\nDe 1e chackra is daarmee de basis; van het systeem en het lichaam als geHeel.<br \/>\nElke volgende &#8220;chackra&#8221; is daarvan een aspect, en daarop gebaseerd.<br \/>\nHet systeem als geheel werkt alleen goed, wanneer al die 8 aspecten onderling integraal zijn verbonden.<\/p>\n<p>1 &#8211; zwart &#8211; aarde &#8211; eenheid &#8211; celsysteem<\/p>\n<p>2 &#8211; rood &#8211; polariteit<\/p>\n<p>3 &#8211; oranje &#8211; transformatie &#8211; vegetatief systeem<\/p>\n<p>4 &#8211; geel &#8211; zonnevlecht &#8211; cerebellum<\/p>\n<p>&nbsp;<\/p>\n<p>5 &#8211; groen &#8211; animaal systeem<\/p>\n<p>6 &#8211; blauw &#8211;<\/p>\n<p>7 &#8211; violet &#8211; voorstellingsvermogen &#8211; mens &#8211; wereldbeeld<\/p>\n<p>8 &#8211; wit &#8211; integratie &#8211; integfriteit &#8211; &#8216;god op aarde&#8217;<\/p>\n<p>Bijvoorbeeld: chackra 1 is complement voor chakra 8, parallel voor chackra 5 en tegenhanger van chakra 4,<\/p>\n","protected":false},"excerpt":{"rendered":"<p>Artsen weten te weinig van de fundamentele natuurkunde. Daardoor zijn basale zaken niet goed te begrijpen. Zoals het universele principe van de Draaikolk. Wat als de &#8220;Rotatie&#8221; (Spin) voor atomen wordt beschreven. Een chakra is een draaikolk: een vortex ofwel wervel. Een wervel is een beweging in 4 Dimensies. Ons lichaam is op dat principe [&hellip;]<\/p>\n","protected":false},"author":1,"featured_media":0,"parent":1248,"menu_order":0,"comment_status":"closed","ping_status":"closed","template":"","meta":{"footnotes":""},"categories":[],"tags":[],"class_list":["post-1265","page","type-page","status-publish","hentry"],"_links":{"self":[{"href":"https:\/\/www.paradijs.org\/integralegeneeskunst\/wp-json\/wp\/v2\/pages\/1265","targetHints":{"allow":["GET"]}}],"collection":[{"href":"https:\/\/www.paradijs.org\/integralegeneeskunst\/wp-json\/wp\/v2\/pages"}],"about":[{"href":"https:\/\/www.paradijs.org\/integralegeneeskunst\/wp-json\/wp\/v2\/types\/page"}],"author":[{"embeddable":true,"href":"https:\/\/www.paradijs.org\/integralegeneeskunst\/wp-json\/wp\/v2\/users\/1"}],"replies":[{"embeddable":true,"href":"https:\/\/www.paradijs.org\/integralegeneeskunst\/wp-json\/wp\/v2\/comments?post=1265"}],"version-history":[{"count":1,"href":"https:\/\/www.paradijs.org\/integralegeneeskunst\/wp-json\/wp\/v2\/pages\/1265\/revisions"}],"predecessor-version":[{"id":1269,"href":"https:\/\/www.paradijs.org\/integralegeneeskunst\/wp-json\/wp\/v2\/pages\/1265\/revisions\/1269"}],"up":[{"embeddable":true,"href":"https:\/\/www.paradijs.org\/integralegeneeskunst\/wp-json\/wp\/v2\/pages\/1248"}],"wp:attachment":[{"href":"https:\/\/www.paradijs.org\/integralegeneeskunst\/wp-json\/wp\/v2\/media?parent=1265"}],"wp:term":[{"taxonomy":"category","embeddable":true,"href":"https:\/\/www.paradijs.org\/integralegeneeskunst\/wp-json\/wp\/v2\/categories?post=1265"},{"taxonomy":"post_tag","embeddable":true,"href":"https:\/\/www.paradijs.org\/integralegeneeskunst\/wp-json\/wp\/v2\/tags?post=1265"}],"curies":[{"name":"wp","href":"https:\/\/api.w.org\/{rel}","templated":true}]}}