{"id":1266,"date":"2013-08-16T12:21:57","date_gmt":"2013-08-16T11:21:57","guid":{"rendered":"http:\/\/www.integralegeneeskunst.nl\/bijlesvoorartsen\/?page_id=59"},"modified":"2014-02-23T11:03:56","modified_gmt":"2014-02-23T10:03:56","slug":"bijles-voor-artsen-kinesiologie","status":"publish","type":"page","link":"https:\/\/www.paradijs.org\/integralegeneeskunst\/overzicht\/leerboeken\/bijles-voor-artsen\/essays\/bijles-voor-artsen-kinesiologie\/","title":{"rendered":"Bijles voor Artsen &#8211; Kinesiologie"},"content":{"rendered":"<p>Een voorbeeld vanuit de Kinesiologie laat zien wat het principe is waarmee we hebben te maken.<br \/>\nE\u00e9n van de v\u00f3\u00f3rtesten van de kinesiologie (een systeemijking) is de spierspindeltest.<br \/>\nElke spier heeft een terogkoppelingssysteem tegen overtbelasting, op een vaste plek in de spiergroep.<br \/>\nDoor daar de spier &#8216;samen te trekken&#8217;, van buitenaf, met de hand, &#8216;schakelt de spier uit&#8217;.<\/p>\n<p>Door, de tegengestelde beweging, de spier lokaal weer &#8216;uit te rekken&#8217;, &#8216;schakelt de spier weer in&#8217;.<br \/>\nHet gaat hier niet om de mechanische, maar de informatica aspecten van de spierfunctie.<\/p>\n<p>&nbsp;<\/p>\n<p>Kinesiologie werkt daardoor wezenlijk anders dan, bijvoorbeeld, de fysiotherapie.<br \/>\nDaar waar de fysiotherapie kijkt naar het &#8216;aandrijfsysteem van de automotor&#8217;, werkt Kinesiologie met het &#8216;elektrisch systeem&#8217;.<br \/>\nHet gaat hier om m\u00e9\u00e9r dan een metafoor: het elektrisch systeem van het lichaam wordt in de geneeskunde niet onderkend.<br \/>\nWel kent men in de fysiotherapie (de artsen leren daarover minder) de verschillende lagen en soorten van het spiersysteeem.<\/p>\n<p>Het gaat hier niet alleen om het verschil tussen langsgestreepte- of dwarsgestreepte spieren, voor langeduur of korte inspanningen.<br \/>\nHet gaat ook over meer dan het systeeem van Janda, of de bewegingsspieren versus de houdingsspieren of de mimiekspieren.<br \/>\nHet gaat hier over de daadwerkelijke verschillen in funcionele spiersystemen, en de andere rol die ze spelen in ons omgevingscontact.<br \/>\nHet gaat om verschillende manieren van relateren met, in, aan de omgeving: vergelijk het met verschillende levensvormen.<\/p>\n<p>Vandaar dat we in ons lichaam de termen gebruiken van bewustzijn, animale responsen, vegetatieve reklexen en celgedrag.<br \/>\nElk van die levensvormen vertegenwoordigt een andere relatie ten opzichte van de omgeving; en daarmee ook een andere logische functie.<br \/>\nLogisce Functie moet hier in de wiskundige\/informatica interpretatie worden begrepen: het gaat om andere dimednsionele kenmerken.<br \/>\nDat gaat om de systematische verschillen zoals die ook in de systeemtheorie worden beschreven: verschillende complexiteit in samenhang.<\/p>\n<p>In de systeemtheorie benoemt men het als &#8220;opbejctstructuur&#8221;, &#8216;Relatieproces&#8221;, &#8220;transformatieeigenschap&#8221; en &#8220;integratiekwaliteit&#8221;.<br \/>\nIn een meer pragmatische zin wordt dit aangegeven door respectievelijk &#8220;knopen&#8221;,&#8221;takken&#8221;, &#8220;lussen&#8221; en &#8220;netwerken&#8221; in het rekenschema.<br \/>\nHet is die verschillende kwaliteiten in het rekenschema die we niet alleen in de informatica maar ook in ons lichaam moeten begrijpen,en beschrijven.<br \/>\nHet is onzinnig dat dit in het dagelijks gebruik van de computer in de artsenpraktijk wel wordt onderkend, maar niet voor het functioneren van ons lichaam.<\/p>\n<p>Ons lichaam is een v\u00e9\u00e9l meer geavanceerde (&#8216;super&#8217;) computer dan welke rekenmachine ook die we in de medische praktijk gebruiken.<br \/>\nAlle lichaamspametialen worden aangelegd door de levende lichaamscellen; en hebben eigenscapen die door die cellen bepaald zijn.<br \/>\nBot is niet alleen pi\u00ebzo-elektrisch, het werkt ook (letterlijk) als een transistor voor de elektromagnetische velden in ons lichaam.<br \/>\nIn ons hele lichaam bestaat een uitgebreid samenhangend elektromagnetioschg systeem, wat al door veel onderzoekers is beschreven.<\/p>\n<p>In de opleiding tot arts wordt daarover nog steeds &#8216;niets&#8217; (te weinig) gedoceerd; hooguit wat kenmerken van EEG en EMG zonder interpretatie.<br \/>\nHet is niet alleen zo dat we een elektrische indicatie van de hele lichaamstoestand in de hersenen kunnen meten; onze lichaamstaal is &#8216;elektrisch&#8217;.<br \/>\nDaar moeten we niet te licht over denken: de anatomie is gebaseerd op de fysiologie, bepaald door het regulatiesysteem op basis van het informatie-integratiesysteem.<br \/>\nIn feite bepalen velden van fotonen de elektromagnetische lichaamsstromen die weer de vrije elektronenstromen bepalen die de gebonden elektronen bepalen.<\/p>\n<p>In ons lichaam zien we v\u00e9\u00e9l meer dan een kwantumproces, op lichaamstemperatuur, op lichaansomvattend niveau: we be-leven er de atomaire samenhangsprocessen.<br \/>\nIn ons lichaam bepaalt de &#8216;software&#8217; de &#8216;hardeware&#8217;; alles in ons lichaam is gerich of communicatie en organiatie tot integratie van informatie.<br \/>\nDe atomaire samenhang van het universum is &#8216;het basisalfabet&#8217; waarop ook onze celstructuur en functie gebaseerd is; en waar die cellen ook mee werken.<br \/>\nOns bewustzijn is gebaseerd op de integrale samenhang van elektromagnetische fasevelden; die raken bekend onder de naam &#8220;bio-fotonen&#8217;.<\/p>\n<p>Fotonen zijn de verbindingselementen, waardoor de elektronen(kwantum)sprongen in omloopbanen van atomen (op afstand) zijn geco\u00f6rdineerd.<br \/>\nDat leidt tot veranderingen van samenhangen in de atomen &#8211; in feite veranderingen in de samenhang\/&#8217;software&#8217; van hete lektromagnetische veld in ons lichaam.<br \/>\nHet gevolg daarvan (dit wordt gemedieert door klierorganen en hormonen) is dat de zuur-base-balans (de wolken van vrije elektronen) veranderen in het lichaam.<br \/>\nDat leidt uiteindelijk tot de herorganisatie van de gebonden elektronen in ons lichaam: de materialisatiegraad van de &#8216;vaste stoffen&#8217; aangemaakt door de cellen.<\/p>\n<p>In ons lichaam zien we daarmee het equivalent van de ionenstromen in de ionosfeer, jestreams in de atmosfeer, golfstromen in oceanen en rivieren op Aarde.<br \/>\nSamen bepalen die fotonen-, elektronen-, zuur-base- en materi\u00eble stromen de samenhang van ons lichaam: plasma, ionair, vloeibaar en vast.<\/p>\n<p>Artsen leren in feite alleen maar over de materi\u00eble eigenschappen van het lichaam; alsof het een object is geconstrueerd uit dode materie.<br \/>\nZe vergeten daarmee dat ons lichaam is opgebouwd uit levende cellen, die met elkaar communiceren, en elk samen de lichaamsmaterialen produceren.<\/p>\n<p>Ons lichaam is niet een object, maar een proces; het bestaat niet op zichzelf, maar als resultaat informatie-uitwisseling tussen al die cellen, als kolonie.<br \/>\nDe basis daarvoor is dat informatie-samenhang-alfabet van ons lichaam &#8211; de atomaire samenhangsprocessen\/-vormen; en de betekenissen die ze over en weer hebben.<\/p>\n<p>Moleculen zijn niet zozeer structuurelementen, die we moeten\/kunnen opvatten als vormen van materi\u00eble samenhang: het zijn vormen van informatie in formatie.<br \/>\nDat is het basismateriaal waarmee onze cellen werken; en zelfs uit zijn gevormd; en dat is ook het &#8216;basismateriaal&#8217; wat cellen vormewn in hun communicatie.<\/p>\n<p>Lichaamsmaterialen hebben daarmee allemaal elk hun eigen betekenis &#8211; vergelijk een molecule daarmee met een boek-rol &#8211; in het delen van informatie.<br \/>\nHet belangrijkste lichaamsproces in ons leven is de vertering van informatie; het immuunsysteem, de endocrienregulatie en de spijsvertering zijn daarvan manifestaties.<br \/>\nDat die informatieprocessen belangrijker zijn dan de vormen van materialisatie, zien we op het moment van sterven: de &#8216;hardware&#8217; is vak nog intact, maar de &#8216;software&#8217; verdwenen.<br \/>\nHet is daarom belangrijk dat artsen dit ook leren inzien: ons lichaam opereert niet als fysiek anatomisch object, maar als informatieproces.<\/p>\n<p>Bewustzijn is niet een gevolg van het functioneren van een lichaam als een fysieke entiteit; als het ware een computer.<br \/>\nJuist het omgelkeerde is het geval: in ons lichaam bepaalt de software de hardware; en onze be-leving bepaalt onze beleving.<br \/>\nOns bewustzijn van onze omgeving is gebaseerd op lichaambewustzijn gebaseerd op orgaanbewustzijn gebaseerd op, en al aanwezig als, celbewustzijn.<br \/>\nElke cel is een microcomputer, die deel is van een enorm computernetwerk; het internet is daarbij vergeleken nog kleuterspel.<\/p>\n<p>Elke spiercel is daarin ook deel van de hele informatie-calculatie, waarop de integriteit van onze integratie in onze omgeving gebaseerd is.<br \/>\nDat brengt ons weer naar de openinsstelling aan het begin van deze tekst: de spierspoelen, en hun relatie tot de regulatie van spierspanning.<br \/>\nDie is niet lokaal geregeld,maar integraal verzorgd: elke cel (&#8216;knoop&#8217;) is tak in een netwerk van (terugkoppelings)lusen in&#8217;het &#8216;rekenschema&#8217;.<br \/>\nHet zenuwregulatiesysteem dient niet de aansturing van de spieren en organen, maar is deel van het informatieintegratiesysteem van het lichaam.<\/p>\n<p>De zenufwunctie is niet mechanisch -aansturing of informatievergaring, maar een deel van een &#8216;holografisch&#8217; informatie integratie systeem.<br \/>\nNiet alleen de signalen in de zenuwbanen (en het hart) zijn elektrisch: ons hele lichaam is een elektrisch\/elektronisch informatie-integratie-systeeem.<br \/>\nAlle lichamsmaterialen (aangelegd door de levende cellen) hebben belangrijke elektromagnetische eigenschappen, en de lichaamssamenhang is daarop gebaseerd.<br \/>\nHet is de integrale lichaamssamenhang die centraal staat: de materialen die door de cellen worden uitgescheiden helpen om die integrale samenhang te verzorgen.<\/p>\n<p>DNA is op die manier het resultaat (en gevolg) van miljoenen jaren opgebouwde ervaring van cellen in\/en hun humgeving; <em>een backup-copy van lichaamskennis<\/em>.<br \/>\nDNA is aangemaakt door de cellen; en het is niet zo dat DNA cellen aanmaakt &#8211; het wordt door al levende cellen gebruikt; als hun eigen levenskennis.<\/p>\n","protected":false},"excerpt":{"rendered":"<p>Een voorbeeld vanuit de Kinesiologie laat zien wat het principe is waarmee we hebben te maken. E\u00e9n van de v\u00f3\u00f3rtesten van de kinesiologie (een systeemijking) is de spierspindeltest. Elke spier heeft een terogkoppelingssysteem tegen overtbelasting, op een vaste plek in de spiergroep. Door daar de spier &#8216;samen te trekken&#8217;, van buitenaf, met de hand, &#8216;schakelt [&hellip;]<\/p>\n","protected":false},"author":1,"featured_media":0,"parent":1259,"menu_order":0,"comment_status":"closed","ping_status":"closed","template":"","meta":{"footnotes":""},"categories":[],"tags":[],"class_list":["post-1266","page","type-page","status-publish","hentry"],"_links":{"self":[{"href":"https:\/\/www.paradijs.org\/integralegeneeskunst\/wp-json\/wp\/v2\/pages\/1266","targetHints":{"allow":["GET"]}}],"collection":[{"href":"https:\/\/www.paradijs.org\/integralegeneeskunst\/wp-json\/wp\/v2\/pages"}],"about":[{"href":"https:\/\/www.paradijs.org\/integralegeneeskunst\/wp-json\/wp\/v2\/types\/page"}],"author":[{"embeddable":true,"href":"https:\/\/www.paradijs.org\/integralegeneeskunst\/wp-json\/wp\/v2\/users\/1"}],"replies":[{"embeddable":true,"href":"https:\/\/www.paradijs.org\/integralegeneeskunst\/wp-json\/wp\/v2\/comments?post=1266"}],"version-history":[{"count":1,"href":"https:\/\/www.paradijs.org\/integralegeneeskunst\/wp-json\/wp\/v2\/pages\/1266\/revisions"}],"predecessor-version":[{"id":1359,"href":"https:\/\/www.paradijs.org\/integralegeneeskunst\/wp-json\/wp\/v2\/pages\/1266\/revisions\/1359"}],"up":[{"embeddable":true,"href":"https:\/\/www.paradijs.org\/integralegeneeskunst\/wp-json\/wp\/v2\/pages\/1259"}],"wp:attachment":[{"href":"https:\/\/www.paradijs.org\/integralegeneeskunst\/wp-json\/wp\/v2\/media?parent=1266"}],"wp:term":[{"taxonomy":"category","embeddable":true,"href":"https:\/\/www.paradijs.org\/integralegeneeskunst\/wp-json\/wp\/v2\/categories?post=1266"},{"taxonomy":"post_tag","embeddable":true,"href":"https:\/\/www.paradijs.org\/integralegeneeskunst\/wp-json\/wp\/v2\/tags?post=1266"}],"curies":[{"name":"wp","href":"https:\/\/api.w.org\/{rel}","templated":true}]}}