{"id":854,"date":"2012-03-07T11:58:08","date_gmt":"2012-03-07T10:58:08","guid":{"rendered":"http:\/\/www.integralegeneeskunst.nl\/mondgezond\/eigen-ervaring-3\/"},"modified":"2014-02-23T11:04:03","modified_gmt":"2014-02-23T10:04:03","slug":"eigen-ervaring-3","status":"publish","type":"page","link":"https:\/\/www.paradijs.org\/integralegeneeskunst\/projecten\/de-integere-integrale-praktijk\/praktijk-mond-gezond\/cursusaanbod-3\/mondgezond-3\/handboek-3\/leef-bewust-3\/eigen-ervaring-3\/","title":{"rendered":"Eigen Ervaring"},"content":{"rendered":"<br \/>\n<h2>Tand Regeneratie is een optie<\/h2>\n<p>De laatstleden week (2012.01.30) heb ik een aantal ervaringen gehand die me laten inzien dat tandregeneratie een optie is.De inzichten zijn ook van belang voor tandbederf preventie; het gaat over de principes van <i>grensbewaking<\/i>.De conclusie is mede gebaseerd op \u2018ongewone\u2019 ervaringen aan mijn lichaam, en dat van anderen.Het vergt een dieper inzicht in het functioneren van levende lichaamscellen, hun communicatie, en dat wat het kan verstoren.<\/p>\n<p>Het gaat om een samenspel van mijn contact met<\/p>\n<ol>\n<li>4 paranormale genezeressen,<\/li>\n<li>een informatietherapeut, en<\/li>\n<li>een bio-logische tandarts en \u2018zijn\u2019 <\/li>\n<li>preventie-assistente.<\/li>\n<\/ol>\n<h3>De Bio-Logische Tandarts<\/h3>\n<p>De bio-Logische tandarts vertelde me dat hij de aura van de tanden en kiezen kan zien; \u2018dat was ooit eens zo begonnen\u2019.Na een sessie met hem kon ik voelen hoe al onze tanden en kiezen, onze hele kaak, meedoet in AL onze belevingen.Elke tand maakt op zich als het ware een eigen kauwbeweging; we \u2018kauwen\/verteren\u2019 onze beleving, voortdurend.Alle tanden en kiezen samen vormen daarin een \u2018kringspier, die direct met de orgaankring(loop) verband houdt.<\/p>\n<h3>De Heldervoelende Preventie-Assistente<\/h3>\n<p>Met de natuurkundige preventie assistente had in een, zeg maar, \u2018magische\u201d ervaring tijdens haar test-routine.In haar basistest sprak ze mijn lichaam aan op een verbinding die in mijn lichaam en leven nog niet (goed) geactiveerd was.Ineens kon ik ervaren hoe de solar plexus direct met de hara is verbonden; en hoe dat doorwerkt.Ik voelde hoe het botskelet, het spierskelet, het orgaanpakket en de beleving als lagen met elkaar zijn verbonden \u2013 en <i>hoe regeneratie mogelijk is.<\/i><\/p>\n<h3>De Informatiegeneeskundige<\/h3>\n<p>Vanuit mijn eerdere contact met de heldervoelende informatiegeneeskundige wist ik al wat ik in mijn lichaamsbeleving verzaakt had; door wat ik nagelaten had: ontgifting.In wat ik doe op Aarde heb ik veel te maken met het ontgiften\/genezen van de problemen van de mensheid.Onbewust had ik die ogenomen in mijn lichaam; als abces onder mijn kiezen in mijn kaakbot.Ik werd eraan herinnerd dat ik dit via NatriumDiChloriet weer uit mijn lichaam zou\/had kunnen halen.<\/p>\n<h3>De normaalparawaarneming<\/h3>\n<p>Voordien in dezelfde week had ik contact met 4 paranormaaltherapeuten; vier vrouwen met elk andere vermogens.E\u00e9n werkt met karmische contracten, een ander met diepe geest\/lichaam emoties en een ander met cel-lichaams zelfbeeld; en het ontladen van die lading.Ze keken mee, helderziend\/heldervoelend, aan het kaakprobleem wat ik toen had, en konden het in detail goed beschrijven.Ze konden het gevoel erin, en de verstoring erin, goed aangeven zonder in de mond te hoeven kijken.\u00a0<\/p>\n<h3>Etiologie \u2013 Ontstaan van verstoring<\/h3>\n<p>Eerder wist ik al dat de kaakontsteking te maken had met wat ik momenteel doe, in het genezen van de geneeskunst.Zoals een andere helderziende\/-voelende zei: \u201cJe hebt teveel omkiezen; je bijt meer af dan je lichaam op dit moment aankan\u201d.Ik weet ook wel waardoor dat komt: ik heb het gevoel dat wat ik doe teveel alleen doe; dat geeft me \u2018(te)veel om te verkauwen\u2019.Maar ja, als ik het niet doe, dan gebeurt het niet en leeft de rot, die ik op Aarde zie, gewoon door.<\/p>\n<h3>Onpersoonlijke Ziekte \u2013 de ziekte van de mensheid<\/h3>\n<p>Het is verstandig als ik op fit punt \u2018die rot\u201d samenvat: want dat had ik onbedoeld opgeslagen onder mijn kiezen.Ik ben indertijd aan twee projecten begonnen: \u201cTot leven brengen van de Wetenschap\u201d, en \u201cHet Genezen van de Geneeskunst\u201d.Die zijn samengekomen in \u00e9\u00e9n integraal project: \u201cParadijs Planten\u201d, \u00e9\u00e9n van de sub-projecten is: \u201cIntegrale Geneeskunst\u201d.Daarin stuit ik steeds op het grootste\/enige daadwerkelijke probleem op Aarde: het bijgeloof in geld (en de ziekte van het verdienen aan ziekte).<\/p>\n<h3>(Zelf)Behandelplan<\/h3>\n<p>Zoals een arts dat doet, zoek ik dan 1) naar de oorzaak, 2) het mechanisme, 3) hoe dat bij is te stellen voor 4) genezing.Het nadeel van die aanpak is dat je van de ziekte (en het symptoom) uitgaat; en je daar mee moet bezig houden.Op die manier had ik een \u2018monster\u2019 van het ziektebeeld opgeslagen in mijn lichaam; in de vorm van die kaakontsteking.Mijn lichaam had dat voor me geaccepteerd en gereguleerd door er een fistel (overloopventiel) voor te verzorgen.<\/p>\n<h3>De betekenis van ziekte<\/h3>\n<p>In de sessie met de heldervoelende natuurgeneeskundige preventieassistente kwam dat expliciet aan bod.Door de verbinding die ze legde \u2018zag\u2019 ik ineens wat de betekenis van dat abces was, en waar die vandaan kwam: ik doorzag het doel.Ik voelde ook in mijn lichaam hoe de botenergie normaliter actief is, hoe het spierskelet dat normaliter in beweging brengt, hoe de organen (en kaken) dat reguleren en hoe we darmee ons scheppend vermogen op Aarde manifesteren.Ik voelde hoe ik het abces kon draineren en deactiveren; de kiezen kon reactiveren en dat het nodig was daartoe een amalgaamrest te elimineren.\u00a0<\/p>\n<h3>De Zelfleggende Puzzel<\/h3>\n<p>De puzzelstukjes van de week vielen op hun plaats en het grotere beeld kwam in zicht.Het begint allemaal met het goed, beter, kunnen voelen van de dynamiek van de kiezen en tanden in\/en de kaak: het verkauwen van AL onze belevingen.Het gaat om het omgaan met de lichaamsenergie, waarvan ik in die sessie kon ervaren dat ik mijn lichaam nog nooit naar behoren geactiveerd had.De paranormaaltherapeuten bieden in principe de mogelijkheid om de oude (onbewust) aangelegde\/opgenomen\/overgenomen programma\u2019s los te laten.<\/p>\n<h3>(Kanker)genezing<\/h3>\n<p>In feite is deze hele ervaring een directe uiting van wat ik in Mond-Gezond en (Ge)Kanker de afgelopen weken heb beschreven.(Dat is ook waardoor ik bij deze Bio-Logische tandarts uitkwam: de on-bio-on-logische tandartsen zijn de Nr. 1 verwekkers van kanker.)Kanker ontstaat door een geblokkeerd wereldbeeld, leidend tot een elektromagnetisch stoorveld, me daardoor ter plekke fysiologische verzuring, leidend tot celfunctieregressie.Genezing \u2018ontstaat\u2019 door de blokkerende Idee Fixe los te laten: het elektrische stoorveld ontlaadt, de lokale verzuring verdwijn en de kanker lost \u2018vanzelf\u2019 op.<\/p>\n<h3>Botgenezing<\/h3>\n<p>De kanker is slechts een symptoom van een verstopte\/gestopte\/gestokte\/verstoorde wereldbeleving.Maar nu weet ik, doordat ik het kon voelen, dat onze lichaamsbeleving daarin van nature op een veel hoger peil staat: de preventieassistente kon het ook voelen.Daarin is het botskelet tintelend actief, de spieren geven dit door in bewegingsactivatie, de organen integreren dia actie functioneel en operationeel, en daardoor be-leven we ons leven.Maar nu weet ik ook, doordat ik dat kan voelen, dat de tanden en kiezen en de kaakcontinu actief zijn;\u00a0 en in feite bewaken wat we in onze binnenwereld toelaten.<\/p>\n<h3>Blinde Vlekken (door)zien<\/h3>\n<p>Het beeld in de sessie met de preventie assistente was overduidelijk: ik liep het gif van de wereld te verteren, en had een monster onder handen onder mijn tanden.Dat beeld sloot direct aan op wat de paranormaletherapeutes me aangaven van wat zij konden zien en voelen.Wat weer aansloot op wat de helderziende\/heldervoelende me eerde al vertelde; dat ik me verbeet op \u2018de problemen van de wereld\u2019, die ik oplos.Maar daarmee is ook duidelijk hoe <b>deze problemen zijn te voorkomen, en van nature te genezen<\/b>.\u00a0<\/p>\n<h3>Lichaamsbeleving<\/h3>\n<p>Dat is ook waarom in MondGezond levensbegeleiding op de eerste plaats staat, en de tandars op de laatste plaats.Zeker met een bio-Logische tandars die de aura van de tanden ziet, en lang van tevoren problemen voorziet voordat het aan de tanden is te merken.Net als in de rest van het lichaam, gaat het erom de integrale integriteit eerst weer te herstellen.Dat gaat altijd om het relateren\/integreren van je lichaamsbeeld met je wereldbeeld.<\/p>\n<h3>Voel je Goed<\/h3>\n<p>Tja, ik was in de val gelopen waar ik iedereen steeds voor waarschuw, wanneer ik mijn brieven onderteken met \u201cFeel Well\u201d.\u201dVoel je Goed\u201dis tegelijkertijd diagnose en therapie: maar het werkt alleen wanneer je er me\u00eb werkt.Het probleem met mijn kaak en kiezen was geen echt probleem; maar alleen symptoom van een blinde vlek.Zoals in mijn boek Integrale Geneeskunst staat: wat we nodig hebben is dat we elkaar standaard leren genezen: \u201cDe ene hand wast de andere\u201d.<\/p>\n<h3>Tandzelfherstel<\/h3>\n<p>Nu, achteraf, weet ik dat ik met MMS (Natrium Dichloriet) de ontsteking uit het kaakbot had kunnen halen.Daarmee zouden de wortels van de kiezen niet meer vanuit gif worden gevoed en zich (langzaam) weer hebben kunnen herstellen.Tanden en kiezen, zie ik nu zij n deels met planten en deels met stalagmieten (groeiende kristallen) te vergelijken.Tand-hergroei komen we in de praktijk weinig tegen, omdat mensen dit diepe lichaamsgevoel te weinig beleven.<\/p>\n<h3>Het Recept<\/h3>\n<p>Dit is het recept wat ik nu (achteraf) voor mezelf zou geven: exact wat in Mond-Gezond staat beschreven:1) helderziende intervisie, 2) meridiaanbalansherstel, 3) gezond dieet (voeding en beleving) en 4) gezonde fysieke beleving.Het is door mijn ervaring van de laatstleden week dat de puzzelstukjes pas in elkaar vielen, en het totaalplaatje in beeld kwam.Het gaat erom je eigen kaakgevoel, en de \u2018kauwbeweging\u201d van alle kiezen en tanden OP ONZE BELEVING (naast\/niet het eten) te kunnen ervaren.<\/p>\n<p>\u00a0<\/p>\n<h3>Voork\u00f3men is beter dan v\u00f3\u00f3rkomen<\/h3>\n<p>Zoals altijd is het soms te laat, of lijkt het zo.Het is me nu duidelijk dat dit probleem had kunnen worden voorkomen.Het is exact het recept van deze webzaait: het begint met levensLoop (in plaats van levens-Sloop).Maar het gaat voral over het herstel van eigen beleving, in de eigen omgeving.<\/p>\n","protected":false},"excerpt":{"rendered":"<p>Tand Regeneratie is een optie De laatstleden week (2012.01.30) heb ik een aantal ervaringen gehand die me laten inzien dat tandregeneratie een optie is.De inzichten zijn ook van belang voor tandbederf preventie; het gaat over de principes van grensbewaking.De conclusie is mede gebaseerd op \u2018ongewone\u2019 ervaringen aan mijn lichaam, en dat van anderen.Het vergt een [&hellip;]<\/p>\n","protected":false},"author":1,"featured_media":0,"parent":874,"menu_order":1,"comment_status":"closed","ping_status":"closed","template":"","meta":{"footnotes":""},"categories":[],"tags":[],"class_list":["post-854","page","type-page","status-publish","hentry"],"_links":{"self":[{"href":"https:\/\/www.paradijs.org\/integralegeneeskunst\/wp-json\/wp\/v2\/pages\/854","targetHints":{"allow":["GET"]}}],"collection":[{"href":"https:\/\/www.paradijs.org\/integralegeneeskunst\/wp-json\/wp\/v2\/pages"}],"about":[{"href":"https:\/\/www.paradijs.org\/integralegeneeskunst\/wp-json\/wp\/v2\/types\/page"}],"author":[{"embeddable":true,"href":"https:\/\/www.paradijs.org\/integralegeneeskunst\/wp-json\/wp\/v2\/users\/1"}],"replies":[{"embeddable":true,"href":"https:\/\/www.paradijs.org\/integralegeneeskunst\/wp-json\/wp\/v2\/comments?post=854"}],"version-history":[{"count":1,"href":"https:\/\/www.paradijs.org\/integralegeneeskunst\/wp-json\/wp\/v2\/pages\/854\/revisions"}],"predecessor-version":[{"id":1511,"href":"https:\/\/www.paradijs.org\/integralegeneeskunst\/wp-json\/wp\/v2\/pages\/854\/revisions\/1511"}],"up":[{"embeddable":true,"href":"https:\/\/www.paradijs.org\/integralegeneeskunst\/wp-json\/wp\/v2\/pages\/874"}],"wp:attachment":[{"href":"https:\/\/www.paradijs.org\/integralegeneeskunst\/wp-json\/wp\/v2\/media?parent=854"}],"wp:term":[{"taxonomy":"category","embeddable":true,"href":"https:\/\/www.paradijs.org\/integralegeneeskunst\/wp-json\/wp\/v2\/categories?post=854"},{"taxonomy":"post_tag","embeddable":true,"href":"https:\/\/www.paradijs.org\/integralegeneeskunst\/wp-json\/wp\/v2\/tags?post=854"}],"curies":[{"name":"wp","href":"https:\/\/api.w.org\/{rel}","templated":true}]}}