{"id":872,"date":"2012-03-07T11:56:08","date_gmt":"2012-03-07T10:56:08","guid":{"rendered":"http:\/\/www.integralegeneeskunst.nl\/mondgezond\/integrale-praktijk-3\/"},"modified":"2014-02-23T11:04:01","modified_gmt":"2014-02-23T10:04:01","slug":"integrale-praktijk-3","status":"publish","type":"page","link":"https:\/\/www.paradijs.org\/integralegeneeskunst\/projecten\/de-integere-integrale-praktijk\/praktijk-mond-gezond\/doe-het-zelf-3\/integrale-praktijk-3\/","title":{"rendered":"Integrale Praktijk"},"content":{"rendered":"<br \/>\n<h2>\u201cMond Gezond\u201d &#8211; Integrale mondzorg praktijk<\/h2>\n<p>Idealiter heet dit concept\u00a0 <i>\u201cvan mond tot kont gezond\u201d<\/i>.Het is niet het soort woordgebruik wat vaak gebruikt wordt, maar het is wel helder.Het gaat om de integrale <i>gezondheid<\/i>sbeleving, met alles wat we eten; en hoe we eten.Het is een combinatie van leefstijl, vroegdetectie, gezonde voeding, en lichamelijke gezondheid.<\/p>\n<p>                             <a href=\"http:\/\/www.integralegeneeskunst.nl\/mondgezond\/integrale-praktijk-3\/\"><img decoding=\"async\" src=\"http:\/\/www.paradijs.org\/integralegeneeskunst\/files\/2012\/03\/Integrale_Praktijk_Hhighlighted_1.jpg\" alt=\"Integrale Praktijk\" title=\"Integrale Praktijk\" \/><\/a>                                               <a href=\"http:\/\/www.integralegeneeskunst.nl\/mondgezond\/leefstijl-3\/\"><img decoding=\"async\" src=\"http:\/\/www.paradijs.org\/integralegeneeskunst\/files\/2012\/03\/Leefstijl_Nregular_1.jpg\" alt=\"Leefstijl\" title=\"Leefstijl\" \/><\/a>                  <a href=\"http:\/\/www.integralegeneeskunst.nl\/mondgezond\/voorzorg-3\/\"><img decoding=\"async\" src=\"http:\/\/www.paradijs.org\/integralegeneeskunst\/files\/2012\/03\/VoorZorg_Nregular_1.jpg\" alt=\"VoorZorg\" title=\"VoorZorg\" \/><\/a>                  <a href=\"http:\/\/www.integralegeneeskunst.nl\/mondgezond\/eetgewoonten-3\/\"><img decoding=\"async\" src=\"http:\/\/www.paradijs.org\/integralegeneeskunst\/files\/2012\/03\/EetGewoonten_Nregular_1.jpg\" alt=\"EetGewoonten\" title=\"EetGewoonten\" \/><\/a>                  <a href=\"http:\/\/www.integralegeneeskunst.nl\/mondgezond\/gebitzorg-3\/\"><img decoding=\"async\" src=\"http:\/\/www.paradijs.org\/integralegeneeskunst\/files\/2012\/03\/Gebitzorg_Nregular_1.jpg\" alt=\"Gebitzorg\" title=\"Gebitzorg\" \/><\/a>                                               <a href=\"http:\/\/www.integralegeneeskunst.nl\/mondgezond\/eigen-praktijk-3\/\"><img decoding=\"async\" src=\"http:\/\/www.paradijs.org\/integralegeneeskunst\/files\/2012\/03\/Eigen_Praktijk_Nregular_1.jpg\" alt=\"Eigen Praktijk\" title=\"Eigen Praktijk\" \/><\/a>                 <a href=\"http:\/\/www.integralegeneeskunst.nl\/mondgezond\/bewustzijn-3\/\"><img decoding=\"async\" src=\"http:\/\/www.paradijs.org\/integralegeneeskunst\/files\/2012\/03\/Bewustzijn_Nregular_1.jpg\" alt=\"Bewustzijn\" title=\"Bewustzijn\" \/><\/a>                                               <a href=\"http:\/\/www.integralegeneeskunst.nl\/mondgezond\/homeopathie-3\/\"><img decoding=\"async\" src=\"http:\/\/www.paradijs.org\/integralegeneeskunst\/files\/2012\/03\/Homeopathie_Nregular_1.jpg\" alt=\"Homeopathie\" title=\"Homeopathie\" \/><\/a>                 <a href=\"http:\/\/www.integralegeneeskunst.nl\/mondgezond\/acupunctuur-3\/\"><img decoding=\"async\" src=\"http:\/\/www.paradijs.org\/integralegeneeskunst\/files\/2012\/03\/Acupunctuur_Nregular_1.jpg\" alt=\"Acupunctuur\" title=\"Acupunctuur\" \/><\/a>                                               <a href=\"http:\/\/www.integralegeneeskunst.nl\/mondgezond\/ayurveda-3\/\"><img decoding=\"async\" src=\"http:\/\/www.paradijs.org\/integralegeneeskunst\/files\/2012\/03\/Ayurveda_Nregular_1.jpg\" alt=\"Ayurveda\" title=\"Ayurveda\" \/><\/a>                 <a href=\"http:\/\/www.integralegeneeskunst.nl\/mondgezond\/dieet-3\/\"><img decoding=\"async\" src=\"http:\/\/www.paradijs.org\/integralegeneeskunst\/files\/2012\/03\/Dieet__Nregular_1.jpg\" alt=\"&quot;Di\u00ebet&quot;\" title=\"&quot;Di\u00ebet&quot;\" \/><\/a>                                               <a href=\"http:\/\/www.integralegeneeskunst.nl\/mondgezond\/hygieniste-3\/\"><img decoding=\"async\" src=\"http:\/\/www.paradijs.org\/integralegeneeskunst\/files\/2012\/03\/Hygieniste_Nregular_1.jpg\" alt=\"Hygi\u00ebniste\" title=\"Hygi\u00ebniste\" \/><\/a>                 <a href=\"http:\/\/www.integralegeneeskunst.nl\/mondgezond\/preventieassistente-3\/\"><img decoding=\"async\" src=\"http:\/\/www.paradijs.org\/integralegeneeskunst\/files\/2012\/03\/Preventieassistente_Nregular_1.jpg\" alt=\"Preventieassistente\" title=\"Preventieassistente\" \/><\/a>                 <a href=\"http:\/\/www.integralegeneeskunst.nl\/mondgezond\/tandarts-3\/\"><img decoding=\"async\" src=\"http:\/\/www.paradijs.org\/integralegeneeskunst\/files\/2012\/03\/Tandarts_Nregular_1.jpg\" alt=\"Tandarts\" title=\"Tandarts\" \/><\/a>                               <\/p>\n<p>\u00a0<\/p>\n<h3>Praktijk Mondgezond<\/h3>\n<ul>\n<li>De Integrale Tandartspraktijk is opgebouwd uit 4 aspecten;<a href=\"http:\/\/www.integralegeneeskunst.nl\/mondgezond\/leefstijl-3\/\">Leefstijl<\/a> | <a href=\"http:\/\/www.integralegeneeskunst.nl\/mondgezond\/voorzorg-3\/\">VoorZorg<\/a> | <a href=\"http:\/\/www.integralegeneeskunst.nl\/mondgezond\/eetgewoonten-3\/\">Eetgewoonten<\/a> | <a href=\"http:\/\/www.integralegeneeskunst.nl\/mondgezond\/gebitzorg-3\/\">Gebitzorg<\/a>.<\/li>\n<li>De praktijk wordt bekostigd en onderhouden door de pati\u00ebnten.Dat gebeurt vooral vanuit aandelen, deels als abonnementen.<\/li>\n<li>Het betekent dat de behandelaars verzekerd zijn van betaling.Maar ook, dat de pati\u00ebnten altijd verzekerd zijn van goede zorg.<\/li>\n<li>Belangrijk is dat de pati\u00ebnten worden gecoachd en getraind om hun eigen gezondheid te bewaken en te bewaren.Tot dat doel is Praktijk MondGezond ook deel van de Integrale Gezondheids Praktijk; voor zorg voor het hele lichaam en leven.<\/li>\n<\/ul>\n<h3>Inleiding<\/h3>\n<p>De visie gaat verder dan dat: het gaat ook uit van een ander plan van aanpak.Centraal staat de gedachten dat mensen hun eigen gezondheid leren verzorgen.Daarin wordt er van uitgegaan dat ze in hun eigen gezondheid investeren.Het gevolg is dat niet de tandarts, maar de praktijkgemeenschap \u2018het risico loopt\u2019.<\/p>\n<p>Dat is samen te vatten in de visie van \u201cZelfVerzekerd\u201d; de Doe Het Zelf verzekering.In de tandartszorg is de behandeling (nog) niet verzekerd; dat kan je zelf verzorgen.In de integrale aanpak betalen deelnemers \u00e9\u00e9nmalig, voor levenslange zorg.Centraal staat, in die visie, dat mensen voor voorzorg leren zorgen; de praktijk helpt.<\/p>\n<p>Deelnemers kunnen vrij van kosten de praktijk 6x per jaar bezoeken.Ze krijgen daarin tekst en uitleg, training en inspectie om zichzelf te kunnen verzorgen.Leefstijl, Acupunctuur, Ayurveda en Somatische behandelingen komen allemaal samen.De bedoeling is dat de deelnemers niet door de tandarts hoeven te worden behandeld.<\/p>\n<p>Goed, zond kan tijdens sport of spel of door ongeval het gebit worden beschadigd.In dat geval is het goed dat een tandarts snel en goed kan helpen.Maar vullen van gaatjes en tandrot is door goed lichaamsbegrip goed te voork\u00f3men.Vandaar dat \u201cMond Gezond\u201d daar op gericht is; als een gezonde doe-het-zelf-zaak.<\/p>\n<h3>Financieel Zelfdragend<\/h3>\n<p>In Vrijspreker.nl schreef Hoc Voluerunt het volgende voorstel voor een tandartspraktijk.\u201cStel 3000 pati\u00ebnten betalen elk 3000 euro, \u00e9\u00e9nmalig: samen totaal 9 miljoen euro.De rente van dat bedrag geeft een jaarinkomen van 650.000 euro, elk jaar weer.De pati\u00ebnten hebben zo dan verder <b>gratis tandzorg door een eenmalige betaling<\/b>.\u201d<\/p>\n<p>Het artikel vervolgt: \u201czorg word beter, goedkoper, door gebruik van goede materialen\u201d.Porceleinvullingen, g\u00e9\u00e9n amalgaam, geen kunststof. G\u00e9\u00e9n titanium implantaten.Want veel van de door tandartsen gebruikte materialen &#8230; zijn ziekteverwekkers.Vandaar dat in de integrale praktijk ook met een integrale visie gewerkt wordt.<\/p>\n<p><i>Wordt vervolgd &#8230;<\/i><\/p>\n","protected":false},"excerpt":{"rendered":"<p>\u201cMond Gezond\u201d &#8211; Integrale mondzorg praktijk Idealiter heet dit concept\u00a0 \u201cvan mond tot kont gezond\u201d.Het is niet het soort woordgebruik wat vaak gebruikt wordt, maar het is wel helder.Het gaat om de integrale gezondheidsbeleving, met alles wat we eten; en hoe we eten.Het is een combinatie van leefstijl, vroegdetectie, gezonde voeding, en lichamelijke gezondheid. \u00a0 [&hellip;]<\/p>\n","protected":false},"author":1,"featured_media":0,"parent":849,"menu_order":1,"comment_status":"closed","ping_status":"closed","template":"","meta":{"footnotes":""},"categories":[],"tags":[],"class_list":["post-872","page","type-page","status-publish","hentry"],"_links":{"self":[{"href":"https:\/\/www.paradijs.org\/integralegeneeskunst\/wp-json\/wp\/v2\/pages\/872","targetHints":{"allow":["GET"]}}],"collection":[{"href":"https:\/\/www.paradijs.org\/integralegeneeskunst\/wp-json\/wp\/v2\/pages"}],"about":[{"href":"https:\/\/www.paradijs.org\/integralegeneeskunst\/wp-json\/wp\/v2\/types\/page"}],"author":[{"embeddable":true,"href":"https:\/\/www.paradijs.org\/integralegeneeskunst\/wp-json\/wp\/v2\/users\/1"}],"replies":[{"embeddable":true,"href":"https:\/\/www.paradijs.org\/integralegeneeskunst\/wp-json\/wp\/v2\/comments?post=872"}],"version-history":[{"count":1,"href":"https:\/\/www.paradijs.org\/integralegeneeskunst\/wp-json\/wp\/v2\/pages\/872\/revisions"}],"predecessor-version":[{"id":1444,"href":"https:\/\/www.paradijs.org\/integralegeneeskunst\/wp-json\/wp\/v2\/pages\/872\/revisions\/1444"}],"up":[{"embeddable":true,"href":"https:\/\/www.paradijs.org\/integralegeneeskunst\/wp-json\/wp\/v2\/pages\/849"}],"wp:attachment":[{"href":"https:\/\/www.paradijs.org\/integralegeneeskunst\/wp-json\/wp\/v2\/media?parent=872"}],"wp:term":[{"taxonomy":"category","embeddable":true,"href":"https:\/\/www.paradijs.org\/integralegeneeskunst\/wp-json\/wp\/v2\/categories?post=872"},{"taxonomy":"post_tag","embeddable":true,"href":"https:\/\/www.paradijs.org\/integralegeneeskunst\/wp-json\/wp\/v2\/tags?post=872"}],"curies":[{"name":"wp","href":"https:\/\/api.w.org\/{rel}","templated":true}]}}