{"id":873,"date":"2012-03-07T11:57:56","date_gmt":"2012-03-07T10:57:56","guid":{"rendered":"http:\/\/www.integralegeneeskunst.nl\/mondgezond\/kankertandartsen-3\/"},"modified":"2014-02-23T11:04:03","modified_gmt":"2014-02-23T10:04:03","slug":"kankertandartsen-3","status":"publish","type":"page","link":"https:\/\/www.paradijs.org\/integralegeneeskunst\/projecten\/de-integere-integrale-praktijk\/praktijk-mond-gezond\/cursusaanbod-3\/mondgezond-3\/handboek-3\/mijdt-tandartsen-3\/tandarts-kanker-3\/kankertandartsen-3\/","title":{"rendered":"KankerTandartsen!"},"content":{"rendered":"\n<p>Dit klinkt als een scheldwoord. Dat is het ook.In dit geval gaat het echter om de meer\u00a0 letterLIJKE betekenis:\u201c<a href=\"http:\/\/www.integralegeneeskunst.nl\/mondgezond\/de-tandarts-als-moordenaar-3\/\"><b>De tandarts als &#8230; moordenaar<\/b> (?!)<\/a>\u201d.<i>Dit artikel is een hulpvraag voor misdaadbestrijding:<\/i> voork\u00f3men van tandartsen-kanker.<\/p>\n<p><a href=\"http:\/\/www.beating-cancer-gently.com\/support-files\/root_canals_and_cancer.pdf\">www.beating-cancer-gently.com\/support-files\/root_canals_and_cancer.pdf<\/a>Bill Henderson<\/p>\n<h3>Aanleiding<\/h3>\n<p>Bill Henderson schreef een leerzaam boek <i>\u201cCancer-Free\u201d<\/i>.Ik kwam het tegen doordat ik werk aan een webzaait over kanker.\u2019Ik ben het gekanker over kanker beu\u2019; er zijn enorm veel werkzame oplossingen.Een van mijn vrienden wist 30 jaar geleden al 100+ behandelwijzen, die werken.<\/p>\n<ul>\n<p>\u201cKanker (R)\u201d is een ziekte; het gaat om het (veel) verdienen aan ziekte.Het is de kankerindustrie die uiteindelijk het grote probleem is.In de U$A is te zien hoe die industrie geneeswijzen voor kanker ontkent\/onderdrukt.Dat is een probleem op zich, waarover ik het hier verder (nog) niet zal hebben.<\/p>\n<\/ul>\n<p>Waar ik wel aandacht aan wil besteden is de rol van <b>de tandarts als kankerverwekker<\/b>.We weten al dat de Tandarts via Kwik, Fluor en Titanium de mens systemisch vergiftigt.Er zijn nog steeds tandartsen die doen-alsof dat <i>niet<\/i> het geval is; en het zelf(s) <i>ont<\/i>kennen.Gelukkig: de lezers van dit blad weten wel beter: kwik en fluor zijn z\u00e9\u00e9r giftig.<\/p>\n<p>Maar in dit artikel wil ik een oplossing vinden voor een constatering van Bill Henderson.,\u201dGoede tandartsen zijn maar moeilijk te vinden; de tandartsinstituten werken dat tegen\u201d.Ik wil het verderop hebben over dat verschil: <i>de tandarts<\/i> versus <i>De Tandarts<\/i> (abstractie).Want het is dat verschil (abstractie) wat de ziekte van de beroepsgroep veroorzaakt.<\/p>\n<p>Tandartsen bedoelen het elk \u2013 neem ik maar aan \u2013 allemaal wel goed.Maar toch is het een feit: <b>de tandartsenij veroorzaakt de meeste kankers<\/b>.Vandaar dus ook deze titel: \u201cKankertandartsen\u201d (aannemende dat de lezer dat niet is).Waar kunnen mensen gezonde tandartsen vinden; die deze problemen voork\u00f3men.<\/p>\n<ul>\n<li><b>Kwik\/fluor vergiftiging<\/b> =&gt; immuunsysteemaantasting =&gt; kanker<\/li>\n<li><b>Wortelkanaal<\/b> \u2018behandeling\u2019 =&gt; extreme bacteri\u00eble toxinen =&gt; kanker<\/li>\n<li><b>Kaakcaviteiten<\/b> (na o.a. verstandskiesextracties) =&gt; extreme bio-toxinen =&gt; kanker<\/li>\n<li><b>Implantaten<\/b> = Meridiaanversoringen =&gt; orgaanspecifieke kanker<\/li>\n<\/ul>\n<p>Het is mijn bedoelingen dat tandartsen de tekst van Bill Henderson lezen.Als ze dat niet doen, en hun pati\u00ebnten doen het wel &#8230; dan je straks achter.Het wordt lastig als pati\u00ebnten straks meer weten dan de tandartsen.Nog lastiger wordt het wanneer <i>pati\u00ebnten de tandarts verantwoordelijk stellen<\/i>.<\/p>\n<ul>\n<p>Die kant gaat het namelijk op.<b>Het is NIET voldoende om braaf te doen wat de beroepsgroep (abstractie) voorlegt.Het Nuremberg Tribunaal stelde al: je bent en blijft altijd zelf verantwoordelijk<\/b>.Het woordspel met verantwoorde-lijken goldt voor de Nazi\u2019s maar is voor ons niet geldig.<\/p>\n<\/ul>\n<p>Vandaar de snedige snijdende subtitel van \u201cDe Tandarts als Moordenaar\u201d.Lees \u201cRoot Canals and Cancer\u201d, van Bill Henderson.<a href=\"http:\/\/www.beating-cancer-gently.com\/support-files\/root_canals_and_cancer.pdf\">www.beating-cancer-gently.com\/support-files\/root_canals_and_cancer.pdf<\/a><b>Wat is de oplossing die jij, als tandarts, daar kan bieden?!<\/b><\/p>\n<ul>\n<p>Hieronder komt dit aan bod:<\/p>\n<li>de stelling van Bill Henderson: Tandartsen veroorzaken de (meeste) kankers<\/li>\n<li>zijn bewijzen, vanuit diverse bronnen (veel daarvan: tandartsen).<\/li>\n<li>een vervolgvraag: waarom doen \u2018de Tandartsen\u2019 daar niets aan?<\/li>\n<li>De conclusie: <b>een beroepsgroep is een <i>onverantwoordelijke entiteit<\/i><\/b><\/li>\n<\/ul>\n<p>Bill Henderson schreef een boek over zijn speurtocht naar de oplossingen voor kanker (\u201cCancer-Free\u201d). Zijn stelling is simpel: kanker heeft een oorzaak; kanker is te genezen. Dat is een verhaal apart.Apart schreef hij een tekst over de tandarts als belangrijkste veroorzaker van kanker.Dat vat ik hieronder samen.<\/p>\n<h3>Twee woorden vooraf<\/h3>\n<p>Voordat we dit bekijken is het nodig om onderscheid te maken tussen de Tandarts (als mens), en De Tandarts (als abstractie; als professional). Het is \u2013 om het zo maar te zeggen \u2013 het verschil tussen mens en Robot (Vrije Keuzen en Reflexen).<\/p>\n<ul>\n<p>Tijdens mijn opleiding tot arts schreef ik al een tekst met de titel \u201cProtoKolder\u201d, over de manier waarop het beroep van arts steeds meer onpersoonlijk wordt: door protocollen bepaald.Later schreef ik een tekst met de titel \u201cRobot Doctor\u201d (met de stelling dat het goedkoper is om een robot te programmeren tot dokter, dan om een dokter op te leiden als robot).Mijn tekst \u201cScientific Consensus\u201d (2011) legt uit waarom het niveau van bewustzijn daalt in mensen in groepen.Het verklaart de constatering van Philip Zimbardo, in zijn \u201cThe Lucifer Effect\u201d: <b>zodra reflexen\/ consensus\/conventies\/gebod je gedrag bepaalt is dat wat je doet per definitie onverantwoordelijk<\/b>. (Zimbardo vervolgde het werk van Milgram naar de vraag hoe de Nazi concentratiekampen konden worden gebouwd\/gebruikt.)<\/p>\n<li>Het is op die manier dat \u201cDe Tandarts\u201d waarover Bill Henderson schrijft gaat over de amorfe, onverantwoordelijke, geprofessionaliseerde beroepsgroep; niet over de individuele landarts.<\/li>\n<li>Het is voor de individuele verantwoordelijke mens, als tandarts, dat ik hier schrijf.Jij, als tandarts\/mens kan de oplossing zijn\/bieden.<\/li>\n<\/ul>\n<p>Voordat ik de tekst van Bill Henderson samenvat, is het zaak nog eerst op een rijtje te zetten hoe de gebitselementen uiteinden zijn voor <a href=\"http:\/\/www.integralegeneeskunst.nl\/mondgezond\/mondmeridianen-3\/\">meridianen<\/a>. Google-zoek \u201cimages\u201d voor \u201cteeth meridians\u201d en direct zijn er 276.000 plaatjes voorhanden. Direct is ook te zien dat veel tandartsen deze plaatjes tonen. Wat minder direct is te zien is de dualiteit tussen het gebit en de vingers en tenen.Vanuit de anthroposofie is beschreven dat de nagels de tegenhangers zijn van de tanden; en de kaken van de armen en benen. Met onze ledematen bewegen we door de omgeving; via ons gebit beweegt de omgeving door ons heen.De elektro-acupunctuurmeetpunten van Voll \u2013 terzijde van het nagelbed \u2013 hebben hun tegenhanger naast de \u2018nagels\u2019 van onze tanken en kiezen. Cyril Smith (o.a.) toonde aan dat de meridianen de <i>frequentie-\/informatie<\/i>kanalen van ons lichaam zijn.<\/p>\n<h3>Inleiding<\/h3>\n<p>Mijn eerste kennisname van het toxische effect van titanium stiften in gebitsimplantaten was in een conferentie in Hawai\u2019i, waar 4 tandartsen uit Japan in detail lieten zien hoe dat leidde tot kanker; met de locatie van de kanker overeenkomend met het specifieke element (zoals de meridiaantheorie voorlegt).<\/p>\n<p>Later leerde ik van het werk van Weston Price, die op zijn manier hetzelfde stelde.Nu, werkend aan een webzaait over \u201c<a href=\"\/\/ge.kanker.integralegeneeskunst.org')\">(ge)kanker<\/a>\u201d ontdekte ik het werk van Bill Henderson.<\/p>\n<h3>Het probleem<\/h3>\n<p>Bill Henderson ontdekte \u2013 net als ik, en (neem ik aan) anderen \u2013 dat <i>tandartsen enorme gezondheidsproblemen veroorzaken<\/i>.De bekende systematische systemische vergiftiging en aantasting van het denkvermogen door kwik en fluor.Maar ook de kankerverwekkende ana\u00ebrobe bio-toxinen door wortelkanaalbehandelingen.Een grote reeks degeneratieziekten is door hun toedoen veroorzaakt.<\/p>\n<p>Bill Henderson zegt dat hij van slechts 36 tandartsen weet dat dit daadwerkelijk onderzoeken en begrijpen in de VS; met mogelijk nog 10 in de rest van de wereld. Naast de 4 tandartsen die ik in Hawai\u2019i hoorde spreken, wie dus nog meer? Jij, de lezer?<\/p>\n<ul>\n<p>Wortelkanaalbehandelingen \u2013 stelt Bill Henderson \u2013 zijn op een waan-idee gebaseerd.<b>Afsluiten van het wortelkanaal<\/b> door \u201cgutta percha\u201d <b>maakt het gebied eronder niet steriel, maar ana\u00ebroob<\/b>.De natuurlijke a\u00ebrobe commensalen\/symbionten microben van de mond\/huid worden daardoor <i>onder<\/i> het gebitselementen ana\u00ebroob.De 1000x giftigere <b>toxinen<\/b> die ze produceren (ondermeer gasvormige \u201cthio-ethers\u201d) migreren, samen met die microben, door het tandglazuur naar de bloedstroom en <b>veroorzaken <\/b>een hele reeks van <b>degeneratieve ziekten; waaronder kanker<\/b>.<\/p>\n<p><b>Voor kankergenezing moet alle wortelkanaalbehandeling ongedaan worden gemaakt.<\/b><\/p>\n<\/ul>\n<h3>Het bewijs<\/h3>\n<p>Bill Henderson citeert het werk van enkele bekende tandartsen en artsen:<\/p>\n<ul>\n<li>Price Weston deed in 1903 samen met 60 tandartsen een studie. De resultaten (1174 bladzijden) werden in 1923 voorgelegd aan de ADA (American Dental Association). Die schoof het terzijde: het idee van een tandfocus infectie als ziekteverwekker voor organen was toen nog te controversieel.<\/li>\n<li>George Meining (endodontist) publiceerde <i>\u201cRoot Canal Cover-Up\u201d<\/i>. Hij schreef dat in 1993, NA zijn pensionering. Toen pas ontdekte hij het rapport van Price van 1923. Tot zijn dood in 2008 heeft hij geprobeerd dit probleem bekendheid te geven.<\/li>\n<li>Hal Huggins (tandarts) stelt dat de ADA deze informatie stelselmatig onderdrukt. Samen met een cardioloog onderzocht hij wortelkanaalbehandeldegebitselementen; en vond dat ze allemaal toxisch waren, \u2018erger dan botulisme\u2019. Hartziekten bleken gevolg van de toxinen en microben in het gebit. (Zijn campagne tegen amalgaam kostte hem zijn beroepsbevoegdheid!)<\/li>\n<li>Josef Issels (Duits oncoloog) constateerde dat 97% van pati\u00ebnten met kanker wortelkanaalbehandelingen hadden gehad. Hij liet deze elementen stelselmatig verwijderen voordat hij aan behandeling begon.<\/li>\n<li>Thomas Rau (arts, Paracelsus Kankler Kliniek, Zwitserland) vond hetzelfde: 98% van de kankers komt voor bij mensen met wortelkanaalbehandeling. Verwijderen van wortelkanaalbehandelde-elementen is standaard aanpak bij kankerbehandeling.<\/li>\n<li>Robert Kulacz schreef samen met Thomas Levy, arts, het boek \u201cThe Roots of Disease: Connecting Dentistry with Medicine\u201d (2002). De beginstelling is \u201cde meeste ziekte ontstaan in de tandartsstoel\u201d; hij moest zin naam en beroep veranderen vanwege de storm die dat teweegbracht.<\/li>\n<li>Dawn Ewing van de IABDM (International Academy of Biological Dentistry and Medicine) maakte een DVD over de meest toxische tandartsingrepen: wortelkanaalbehandelingen en caviteiten.<\/li>\n<\/ul>\n<p>Dit zijn slechts de informatiebronnen die in het korte artikel van Bill Henderson worden vermeld. Ik ga er van uit dat jullie hier al meer van weten, en ook verdere onderbouwing van deze problematiek kennen. Het lijkt me goed om samen al die bewijzen op een rij te zetten; stuur ze svp in naar de Redactie van dit blad.<\/p>\n<p>We komen nu toe aan deel twee van dit verhaal: als dit (hierboven) het probleem is,wat is daaraan dan te doen? We concluderen hieronder dat je dat alleen zelf kan.<\/p>\n<h3>De (tand)arts als doodsoorzaak<\/h3>\n<p>De 3e doodsoorzaak (in de VS) is De Dokter. De 1e veroorzaker van kanker\u00a0 is De Tandarts.<\/p>\n<p>\u201cde Dokter\u201d, dat ben ik. \u201cde Tandarts\u201d, dat ben jij. Vooroorzaken wij (jij\/ik) kanker\/dood?<\/p>\n<p>Als jij als mens (tandarts) een wortelkanaalbehandeling doet omdat \u2018de beroepsgroep\u2019 (Tandarts) zegt dat het \u2018goed\u2019 is, dan ben jij als mens het instrument voor het kwaad dat je handeling teweegbrengt.D\u00e0t is de boodschap van \u201cThe Lucifer Effect\u201d (Zimbardo); d\u00e0t is hoe de concentratiekampen werden gebouwd. \u201cWir haben es nich gewusst\u201d. \u201cBefehl ist Befehl\u201d.<\/p>\n<h3>De Beroepsgroep als \u2018Duivel\u2019<\/h3>\n<p>De Nuremberg Tribunaal conclusie: JIJ als mens bent verantwoordelijk voor wat JIJ doet.Als je een voorschrift krijgt wat onmenselijk is, mag (MOET) je het niet uitvoeren.Als de beroepsgroep zegt dat wortelkanaalbehandeling goed is, \u2018ben jij de beul\u2019.We hebben hier te maken met verantwoordelijkheid versus abstracties.<\/p>\n<ul>\n<p>Zimbardo zegt dat de problemen ontstaan door 4 factoren:1) anonimiseren, 2)\u00a0 generalisatie, 3) abstractie, en 4) keuzeloosheid.Het komt overeen met, respectievelijk, verlies van1) eigenheid, 2) betrokkenheid, 3) context en 4) vrije keuze.Het komt ook overeen met, respectievelijk, ons1) bewustzijn, 2) onderbewustzijn, 3) onbewustzijn en 4) buiten-bewustzijn.Het gaat om de verschuiving van controle van1) mens naar 2) relatie in 3) groep in 4) omgeving.<\/p>\n<\/ul>\n<p>Het komt er op neer dat we te maken hebben met kennis die meeromvattend is dan we elk zelf kunnen omvatten. We hebben te maken met het samenspel tussen mens en mensheid. Maar omdat het te veelomvattend is kunnen we het niet begrijpen. Vandaar dat we terugvallen op een ander niveau van bewustzijn; wat we elk beleven als \u2018geloof\u2019.<\/p>\n<ul>\n<p>We zien hetzelfde in we wetenschap, waar (subjectief) weten werd vervangen door (objectief) \u2018weten is meten\u2019 en nu is vervangen door statistiek. Een abstractie. Het is op dezelfde manier dat een beroepsgroep een abstractie is, onbewust, onverantwoordelijk; onmenselijk.<\/p>\n<p>We moeten goed onderscheid maken tussen individu en abstractie (mens en (beroeps)groep).Het gaat om het verschil tussen verantwoordelijkheid en onverantwoordelijkheid.Specifiek gaat het om het verschil tussen Vrije Keuze en Protocollen.Het is het verschil tussen zelfstandigheid en afhankelijkheid.<\/p>\n<p>(Tand)arts was vroeger een vrij beroep. Inmiddels is dat al niet meer het geval. Beroepsethiek, consensusgedrag, normprotocollen en beroepsbevoegdheid zijn abstracties die het gedrag van de (tand)arts als mens bepalen.Het boek \u201cThe Lucifer Effect\u201d van Philip Zimbardo is juist zo belangrijk omdat het laat zien dat deze abstracties dodelijk zijn. De problemen ontstaan zodra mensen niet vrij zijn om te kiezen.<\/p>\n<p><b>Abstracties zijn onpersoonlijk, en per definitie onverantwoordelijk<\/b>.Consensus, Protocol, Geloof, en Regering: het zijn allemaal abstracties; en per definitie onverantwoordelijk.Van oudsher heet het dat all\u00e9\u00e9n bezielde wezens wettige besluiten mogen nemen.(De \u201cZiel\u201d is het vermogen van Vrije Keuze, met bijbehorende Response-Ability &amp; Respect, als schepper in de schepping.)<\/p>\n<\/ul>\n<p>We hebben hier te maken met een ziekmakende factor in de vorm van De Tandarts en De Dokter; de juridische abstracties. We hebben ook te maken met de veralgemenisering van die abstracties: de ziekenzorg en de \u2018gezondheidszorg\u201d.Het probleem wordt duidelijker bij de abstractie van die abstractie: de verzekeringen en de medische industrie.Uiteindelijk komen we dan (pas) bij de kern van het probleem: het verdienen aan ziekte \u2013 met daarbij\/daardoor\/daartoe het veroorzaken van ziekte.<\/p>\n<ul>\n<p>Het gaat hier niet meer om mensen maar om abstracties; instituten.Het gaat niet meer om verantwoordelijke mensen maar om ONverantwoordelijke groepen.Die onverantwoordelijkheid komt door dat een (juridische) groep <i>geen ziel heeft<\/i>.All\u00e9\u00e9n levende wezens hebben vrije keuze \u2013 en dus en ziel; <i>JIJ hebt een ziel<\/i>.<\/p>\n<\/ul>\n<p>Hoe komt het dat De Tandarts de grootste kankerveroorzaker is?Doordat \u201cde Tandartsen\u201d, in een groep, onverantwoordelijk\/dom worden.Dat heeft niets te maken met de individu\u00eble mensen.Het heeft te maken met algemene groepsprocessen.<\/p>\n<ul>\n<p>Maar het gaat vooral om de industri\u00eble belangen die de beroepsgroepen bepalen.Kwik en Fluor zijn gifstoffen; en het was een proces om Tandartsen deze gifstoffen systematisch te laten gebruiken, en daarmee systemische ziekten te veroorzaken.Het gaat daarbij om zakenbelangen. Het gaat daarin om het verdienen aan Ziekte.<\/p>\n<\/ul>\n<h3>Verantwoordelijken in plaats van verantwoorde-lijken<\/h3>\n<p>Het is niet goed genoeg wanneer een tandarts, of dokter, iets doet \u2018volgens de regelen der kunst\u201d.Ik neem aan dat de beulen van de inquisitie ook hun gilde, ethische code, en behandeling protocol hadden. Een beroepscode is geen waarheid.De boekhouding van de Inquisitie\/Nazi\u2019s laat zien dat verantwoorde=lijken =\/= verantwoordelijken&#8230;<\/p>\n<p>Als alle tandartsen hetzelfde doen wil dat niet zeggen dat ze het <i>goed<\/i> doen.Het was \u2018good practice\u2019 om met een vogelbekmasker op de pati\u00ebnten te behandelen.Het was \u2018good practice\u2019 om amalgaam te gebruiken. Het is \u2018good pactice\u2019 om pillen voor te schrijven.Het is zo tegenwoordig ook \u2018good practice\u2019 om te verdienen aan ziekte. <\/p>\n<h3>Verdienen aan ziekte als oorzaak van ziekte<\/h3>\n<p>De kernvraag is: wat maakt de Tandarts zo onverantwoordelijk?Waarom is De Tandarts (de professional)\u00a0 zo toxisch,terwijl de tandarts (de mens) het in principe goed bedoelt?Het komt door het bijgeloof in geld, en het willen verdienen aan ziekte.<\/p>\n<ul>\n<p>Waarom en hoe geld een bijgeloof is, staat beschreven in \u201cThey Own it All (Including You)\u201d.Waarom en hoe een beroepsgroep toxisch is staat beschreven in het boek \u201cThe Corporation\u201d.<\/p>\n<p>Het blijkt dat een Corporation is opgezet volgens het principe van de slavernij:het bedrijf als plantage en de aandeelhouders als slavenhouders.<\/p>\n<p><i>Corporations<\/i> hebben slechts \u00e9\u00e9n doel: het verdienen van geld.Het is het beste te vergelijken met een piratenschip; een groep huurlingen op strooptocht.<i>Geld <\/i>is een (magisch) instrument; een symbool zonder enige eigen waarde: het is niet meer dan oud blik en oud papier.Het fnuikende is dat geld <i>een verborgen contract<\/i> is: het is een (anoniem) schuldcontract wat elke gebruiker ervan verplicht aan de geldbanken; dat is <a href=\"\/\/www.lotusbank.nl')\">een verhaal op zich<\/a>.<\/p>\n<p>Het gevolg is dat mensen, in het gebruik van geld, gaan parasiteren op elkaar. En allerlei zaken gaan doen, voor geld, die ze zonder geld zouden laten.Fluor is een toxisch afvalproduct van de aluminiumindustrie; via tandartsen is voor veel geld te verkopen.Kruiden kunnen de meeste ziekten genezen; door dat te verbieden zijn pillen via dokters te verkopen.Het grote probleem (het enige probleem) wat dit veroorzaakt is &#8230; onwetendheid. <\/p>\n<p>Het heeft me jaren gekost om te doorzien wat hier aan de hand was.Tijdens mijn opleiding tot arts begin het te dagen dat veel (alle?) gezondheidsproblemen door geld worden veroorzaakt. Door teveel of te weinig geld; en\/of beide.Pas toen ik het principe van geld ging onderzoeken kwam ik erachter dat het op bijgeloof gebaseerd is. Het verhaal van Het Gouden Kalf, en Dokter Faustus, blijkt het principe ervan goed te beschrijven.Het boek \u201cThe Lucifer Effect\u201d van Philip Zimpardo legt de vinger op het probleem: het gaat om het verlies van Vrije Keuze, ten koste van een (bij)geloof in een abstractie.<\/p>\n<\/ul>\n<p><b>Als mens wordt je tandarts; maar als tandarts(groep) wordt je onmenselijk<\/b>.Het heeft te maken met het werken met geloof. Tandartsen leerden dat amalgaam gezond was. Tandartsen leerden dat wortelkanaalbehandelingen goed werken. Tandartsen leren dat Fluor goed is. En wie dat wil onderzoeken of bestrijden wordt g\u00e9\u00e9n tandarts. Rudie Kousbroek stelde ooit: \u201choe groter de groep mensen, des te lager is hun intelligentie\u201d. Maar wat blijkt: via geld ligt elke groep nu aan de teugel. <\/p>\n<p>Dat moge zo het probleem zijn; de oplossing is dan ook zo voorhanden.Het probleem ligt in de onverantwoordelijkheid van mensen in groepen.Dat is logisch gevolg van de\/het andere communicatie\/bewustzijnsvorm in groepen.De oplossing ligt in het herstellen van de verantwoordelijkheid van het individu.<\/p>\n<h3>Conclusie<\/h3>\n<p><b>JIJ, als tandarts, bent verantwoordelijk voor elke ziekte die je teweegbreng<\/b>.Als lezer van dit verhaal wet je dat Kankertandartsen inderdaad bestaan.<b>Het is JOUW keuze of je zelf als tandarts kanker veroorzaakt<\/b>.Het is aan de pati\u00ebnt om je voor wat je doet verantwoordelijk te stellen.<\/p>\n<ul>\n<p><b>Momenteel leren pati\u00ebnten zich informeren.<\/b>Dat is logisch: het gaat om Hun lichaam, en HUN leven.Soms hebben we daarbij de hulp van anderen nodig.<b>Als tandarts: welke hulp kan jij ze daarbij bieden.<\/b><\/p>\n<\/ul>\n<p>Het is nodig dat tandartsen zich in deze duidelijk profileren.Het is zaak dat tandartsen verantwoordelijkheid nemen\/hebben voor wat ze doen.<b>Welke tandartsen doen mee om de pati\u00ebnten te bieden dat wat ze werkelijk zoeken?Welke tandartsen willen die ziekten \u2013 inclusief kanker \u2013 kunnen voork\u00f3men.<\/b><\/p>\n<h3>Referentiemateriaal<\/h3>\n<ul>\n<li><a href=\"http:\/\/www.beating-cancer-gently.com\/support-files\/root_canals_and_cancer.pdf\">www.beating-cancer-gently.com\/support-files\/root_canals_and_cancer.pdf<\/a><\/li>\n<li><a href=\"http:\/\/www.Toxicrootcanals.com\">www.Toxicrootcanals.com<\/a><\/li>\n<li><a href=\"http:\/\/dragonfly75.com\/eng\/articles\/cavitations.html\">http:\/\/dragonfly75.com\/eng\/articles\/cavitations.html<\/a><\/li>\n<li>Zimbardo, Philip () \u201cThe Lucifer Effect\u201d\u00a0<\/li>\n<\/ul>\n","protected":false},"excerpt":{"rendered":"<p>Dit klinkt als een scheldwoord. Dat is het ook.In dit geval gaat het echter om de meer\u00a0 letterLIJKE betekenis:\u201cDe tandarts als &#8230; moordenaar (?!)\u201d.Dit artikel is een hulpvraag voor misdaadbestrijding: voork\u00f3men van tandartsen-kanker. www.beating-cancer-gently.com\/support-files\/root_canals_and_cancer.pdfBill Henderson Aanleiding Bill Henderson schreef een leerzaam boek \u201cCancer-Free\u201d.Ik kwam het tegen doordat ik werk aan een webzaait over kanker.\u2019Ik ben [&hellip;]<\/p>\n","protected":false},"author":1,"featured_media":0,"parent":902,"menu_order":2,"comment_status":"closed","ping_status":"closed","template":"","meta":{"footnotes":""},"categories":[],"tags":[],"class_list":["post-873","page","type-page","status-publish","hentry"],"_links":{"self":[{"href":"https:\/\/www.paradijs.org\/integralegeneeskunst\/wp-json\/wp\/v2\/pages\/873","targetHints":{"allow":["GET"]}}],"collection":[{"href":"https:\/\/www.paradijs.org\/integralegeneeskunst\/wp-json\/wp\/v2\/pages"}],"about":[{"href":"https:\/\/www.paradijs.org\/integralegeneeskunst\/wp-json\/wp\/v2\/types\/page"}],"author":[{"embeddable":true,"href":"https:\/\/www.paradijs.org\/integralegeneeskunst\/wp-json\/wp\/v2\/users\/1"}],"replies":[{"embeddable":true,"href":"https:\/\/www.paradijs.org\/integralegeneeskunst\/wp-json\/wp\/v2\/comments?post=873"}],"version-history":[{"count":1,"href":"https:\/\/www.paradijs.org\/integralegeneeskunst\/wp-json\/wp\/v2\/pages\/873\/revisions"}],"predecessor-version":[{"id":1502,"href":"https:\/\/www.paradijs.org\/integralegeneeskunst\/wp-json\/wp\/v2\/pages\/873\/revisions\/1502"}],"up":[{"embeddable":true,"href":"https:\/\/www.paradijs.org\/integralegeneeskunst\/wp-json\/wp\/v2\/pages\/902"}],"wp:attachment":[{"href":"https:\/\/www.paradijs.org\/integralegeneeskunst\/wp-json\/wp\/v2\/media?parent=873"}],"wp:term":[{"taxonomy":"category","embeddable":true,"href":"https:\/\/www.paradijs.org\/integralegeneeskunst\/wp-json\/wp\/v2\/categories?post=873"},{"taxonomy":"post_tag","embeddable":true,"href":"https:\/\/www.paradijs.org\/integralegeneeskunst\/wp-json\/wp\/v2\/tags?post=873"}],"curies":[{"name":"wp","href":"https:\/\/api.w.org\/{rel}","templated":true}]}}