{"id":910,"date":"2012-03-07T11:56:49","date_gmt":"2012-03-07T10:56:49","guid":{"rendered":"http:\/\/www.integralegeneeskunst.nl\/mondgezond\/voorzorg-3\/"},"modified":"2014-02-23T11:04:01","modified_gmt":"2014-02-23T10:04:01","slug":"voorzorg-3","status":"publish","type":"page","link":"https:\/\/www.paradijs.org\/integralegeneeskunst\/projecten\/de-integere-integrale-praktijk\/praktijk-mond-gezond\/doe-het-zelf-3\/integrale-praktijk-3\/voorzorg-3\/","title":{"rendered":"VoorZorg"},"content":{"rendered":"\n<p><b>De bedoeling van dit project is dat de tandarts voor jou niets hoeft te doen.<\/b>De tandarts dient alleen om tanden te repareren, als die kapot gaan door ongeval.De tandarts is <i>niet<\/i> bedoeld om je tanden (voor je) te onderhouden of te repareren.Dat moet je zelf doen; maar het is goed om te weten hoe je dat <i>goed<\/i> doen kan.<\/p>\n<p>Om dat te kunnen doen, moet je weten wat je gebit en mond voor je betekent.Dan zie je in dat het de poort is tot je darmen, en je vertering van <a href=\"http:\/\/www.integralegeneeskunst.nl\/mondgezond\/leefstijl-3\/\">be(-)leving<\/a>.Dan zie je ook in dat het erom gaat dat je je lichaamscellen zelf goed voedt.Dat lukt het beste door (het samenspel van) je lichaamscellen goed te be-leven.<\/p>\n<p>Dat is, vanouds, de bedoeling en de kunst van de hele geneeskunst.Wat dat betreft hebben de oude geneeswijzen ons het meeste te bieden.Hun aanpak is vooral gericht op v\u00f3\u00f3rzorg; bedoeld om ziekte te voork\u00f3men.Doel daarvan is dat je het zelf doet, en niet (door anderen) laat doen.<\/p>\n<p>Afhankelijkheid (van anderen) is een vorm van ziekte (slavernij).Onafhankelijkheid (autonomie, soevereiniteit) is teken van gezondheid.Daarin is van belang dat we elk, samen, mens zijn in de hele mensheid.\u201cElke mens is en cel in het lichaam van de mensheid\u201d\u00a0 (<i>be-leef dat<\/i>&#8230;).<\/p>\n<p>Daardoor kunnen we elk, samen, van elkaar en van onszelf <i>leren<\/i>.We leren het beste en het meeste van wat we <i>doen<\/i>.Het gaat, in ons leven, niet om verhalen, maar om <i>ervaring<\/i>.Het gaat er niet om of jij het begrijpt, maar of <i>je lichaam<\/i> het begrijpt.<\/p>\n<p>Dat is ook het belangrijkste aspect van het leren genezen.Het gaat erom om LICHAAMSTAAL te leren (communiceren).Dat speelt zich niet af in woorden, maar in en met gevoel.<b>\u201cVoel je Goed\u201d is<\/b> wat dat betreft <b>\u2018Diagnose &amp; Recept\u2019<\/b>.<\/p>\n<p>Over VoorZorg is veel te vertellen, maar het is beter om het te doen.Vandaar dat voor dit project met Therapie Tutoren gewerkt wordt.Dat zijn therapeuten die je uitleggen hoe je ziekten <i>zelf<\/i> kan genezen.Dat voork\u00f3mt h\u00e8n werk, en <i>het voork\u00f3mt voor jou dat je ziek wordt<\/i>.<\/p>\n<h3>Cursusaanbod<\/h3>\n<p>In het <a href=\"http:\/\/www.integralegeneeskunst.nl\/mondgezond\/cursusaanbod-3\/\">cursusaanbod<\/a> kan je verdere voorstellen vinden, of bieden.Aandacht ligt vooral op meditatie, homeopathie, acupunctuur en ayurveda.Deze technieken leren je om zelf in lichaam en geest je balans in beleving te be-leven.Centraal staat ook de gedachte van ZelfVerzekerd: verzorg. <i>met anderen<\/i>, zelf je welzijn.<\/p>\n<h3>Praktijkaanbod<\/h3>\n<p>In de Integrale Praktijk MondGezond wordt gewerkt met vier behandelvormen.Ze vullen elkaar allemaal aan, en zijn allemaal samen nodig &#8230; voor jou.Samen bieden ze <i>begrip<\/i>, <i>beoefening<\/i>, <i>beleving<\/i>, en (tand\/mond)ziekte<i>preventie<\/i>.Spirituele- en traditionele geneeswijzen staan centraal, samen met voedingsadvies en de tandarts.<\/p>\n<p>De tandarts fungeert als praktijkbeheerder en als procesbewaker; dat is (nog) wettelijk vereist.Maar de bedoeling van het hele project, en de praktijk, is dat de tandarts <i>niets<\/i> hoeft te doen.Zo er al met het gebit moet gewerkt, dan idealiter alleen door de preventieassiststent(e).Want de bedoeling van Praktijk MondGezond is dat door de verdere zorg (de voorzorg),\u00a0 je gebit, mond, spisverteringssysteem en je lichaam gezond blijft.<\/p>\n<ol>\n<li>Eerste plan van aanpak is steeds Gezonde Leefstijl: leer zelf goed voor jezel te zorgen.<\/li>\n<li>Ondersteunend is de acupunctuur en homeopathie, om je eigen balans goed te bewaren.<\/li>\n<li>Op de derde plaats staat gezond leren eten; ook \u2018omdat het zo gezellig kan zijn\u2019.<\/li>\n<li>Op de laatste plaats staat dus de tandarts &#8211; ook in de rol als integrale procesbewaker.<\/li>\n<\/ol>\n<p>Ten opzichte van de gevestigde situatie valt er dus nog veel te leren; ook door de tandarts.Dat geld evenzo voor de pati\u00ebnten: vooral om zelf te leren investeren in gezondheid.Wat dat betreft betekent het dat de pati\u00ebnten samen zelf hun tandartsverzekerings vormen.Zij het dat ze daarin zelf eigenaar worden van de praktijk en de onderneming; met de behandelaars., <\/p>\n<h3>Behandelwijzen<\/h3>\n<p><a href=\"http:\/\/www.integralegeneeskunst.nl\/mondgezond\/leefstijl-3\/\">Meditatie en hypnose<\/a> (\u2018sjamanisme\u2019) zijn technieken om je wereldbeeld bij te stellen.Veel mensen hebben een verziek wereldbeeld, door aangeleerde onzin.Het gevolg is dat ze \u2018tegende werkelijkheid aanbotsen\u2019, en daardoor ziek worden.Door met je gedachten en geloof te leren werken, kan je je wereldbeeld genezen.<\/p>\n<p>Homeopathie en acupunctuur zijn bio-elektrische informatiegeneeswijzen.Onze anatomie is opgebouwd door onze fysiologie, door ons regulatiesysteem.Het is het informatie-integratie systeem (\u2018wereldbeeld\u2019) dat de integriteit verzorgt.Acupunctuur en homeopathie kunnen inspelen op de \u2018software\u2019 van ons regelsysteem.<\/p>\n<p><a href=\"http:\/\/www.integralegeneeskunst.nl\/mondgezond\/eetgewoonten-3\/\">Natuurgeneeswijzen en ayurveda<\/a> doorzien dat ons lichaam \u00e9\u00e9n is met onze omgeving.De voedselkringloop van de natuur, loopt door als de kringlopen tussen lichaamscellen.De traditionele geneeswijzen kennen dit als een system van irrigatie, \u201ctuinieren\u201d.Hun ervaring en kennis is van direct belang voor de gezonden samenhang van je organen.<\/p>\n<p><a href=\"http:\/\/www.integralegeneeskunst.nl\/mondgezond\/gebitzorg-3\/\">Tandartsen en tandreiniging<\/a> worden bij goede voorzorg per definitie overbodig.Het huidige \u2018gezondheidssysteem\u2019 geeft hen nog een centrale rol \u2018als genezers\u2019.In feite repareren ze vooral, of alleen maar, gaatjes; die je beter kan voorkomen.In Mond Gezond kijken ze mee , en dienen als reserve, mocht iets onverhoopt mis gaan.<\/p>\n","protected":false},"excerpt":{"rendered":"<p>De bedoeling van dit project is dat de tandarts voor jou niets hoeft te doen.De tandarts dient alleen om tanden te repareren, als die kapot gaan door ongeval.De tandarts is niet bedoeld om je tanden (voor je) te onderhouden of te repareren.Dat moet je zelf doen; maar het is goed om te weten hoe je [&hellip;]<\/p>\n","protected":false},"author":1,"featured_media":0,"parent":872,"menu_order":2,"comment_status":"closed","ping_status":"closed","template":"","meta":{"footnotes":""},"categories":[],"tags":[],"class_list":["post-910","page","type-page","status-publish","hentry"],"_links":{"self":[{"href":"https:\/\/www.paradijs.org\/integralegeneeskunst\/wp-json\/wp\/v2\/pages\/910","targetHints":{"allow":["GET"]}}],"collection":[{"href":"https:\/\/www.paradijs.org\/integralegeneeskunst\/wp-json\/wp\/v2\/pages"}],"about":[{"href":"https:\/\/www.paradijs.org\/integralegeneeskunst\/wp-json\/wp\/v2\/types\/page"}],"author":[{"embeddable":true,"href":"https:\/\/www.paradijs.org\/integralegeneeskunst\/wp-json\/wp\/v2\/users\/1"}],"replies":[{"embeddable":true,"href":"https:\/\/www.paradijs.org\/integralegeneeskunst\/wp-json\/wp\/v2\/comments?post=910"}],"version-history":[{"count":1,"href":"https:\/\/www.paradijs.org\/integralegeneeskunst\/wp-json\/wp\/v2\/pages\/910\/revisions"}],"predecessor-version":[{"id":1448,"href":"https:\/\/www.paradijs.org\/integralegeneeskunst\/wp-json\/wp\/v2\/pages\/910\/revisions\/1448"}],"up":[{"embeddable":true,"href":"https:\/\/www.paradijs.org\/integralegeneeskunst\/wp-json\/wp\/v2\/pages\/872"}],"wp:attachment":[{"href":"https:\/\/www.paradijs.org\/integralegeneeskunst\/wp-json\/wp\/v2\/media?parent=910"}],"wp:term":[{"taxonomy":"category","embeddable":true,"href":"https:\/\/www.paradijs.org\/integralegeneeskunst\/wp-json\/wp\/v2\/categories?post=910"},{"taxonomy":"post_tag","embeddable":true,"href":"https:\/\/www.paradijs.org\/integralegeneeskunst\/wp-json\/wp\/v2\/tags?post=910"}],"curies":[{"name":"wp","href":"https:\/\/api.w.org\/{rel}","templated":true}]}}